{"id":11455,"date":"2024-11-26T16:59:17","date_gmt":"2024-11-26T15:59:17","guid":{"rendered":"https:\/\/mandragorahidromel.com\/?post_type=product&#038;p=11455"},"modified":"2025-03-17T11:36:19","modified_gmt":"2025-03-17T10:36:19","slug":"miel-sa-mesquida-de-dalt-primavera","status":"publish","type":"product","link":"https:\/\/mandragorahidromel.com\/en\/producto\/miel-sa-mesquida-de-dalt-primavera\/","title":{"rendered":"MIEL DE PRIMAVERA &#8211; SA MESQUIDA DE DALT"},"content":{"rendered":"<h3>CARACTER\u00cdSTICAS:<\/h3>\n<p>Floraci\u00f3n: Primavera<\/p>\n<p>Capacidad: 450gr<\/p>\n<p>&nbsp;<\/p>\n<h3>CONSERVACI\u00d3N Y RECOMENDACIONES:<\/h3>\n<p>Mantener en un lugar fresco y seco.<\/p>\n<p>Puede cristalizarse a bajas temperaturas por su calidad y pureza.<\/p>\n<p>Para una miel m\u00e1s liquida poner el bote al ba\u00f1o Mar\u00eda, nunca hervir.<\/p>\n<p>No recomendable el consumo para menores de un a\u00f1o de edad.<\/p>\n","protected":false},"excerpt":{"rendered":"<p>Miel -recolecta limitada- de finca \u201cSa Mesquida de Dalt\u201d donde predomina la multiflora de primavera, en la zona de levante de la isla.<br \/>\nFinca Sa Mesquida de Dalt &#8211; zona protegida.<\/p>\n","protected":false},"featured_media":11545,"comment_status":"open","ping_status":"closed","template":"","meta":[],"product_brand":[],"product_cat":[173],"product_tag":[],"class_list":{"0":"post-11455","1":"product","2":"type-product","3":"status-publish","4":"has-post-thumbnail","6":"product_cat-miel","8":"first","9":"outofstock","10":"taxable","11":"shipping-taxable","12":"purchasable","13":"product-type-simple"},"_links":{"self":[{"href":"https:\/\/mandragorahidromel.com\/en\/wp-json\/wp\/v2\/product\/11455","targetHints":{"allow":["GET"]}}],"collection":[{"href":"https:\/\/mandragorahidromel.com\/en\/wp-json\/wp\/v2\/product"}],"about":[{"href":"https:\/\/mandragorahidromel.com\/en\/wp-json\/wp\/v2\/types\/product"}],"replies":[{"embeddable":true,"href":"https:\/\/mandragorahidromel.com\/en\/wp-json\/wp\/v2\/comments?post=11455"}],"wp:featuredmedia":[{"embeddable":true,"href":"https:\/\/mandragorahidromel.com\/en\/wp-json\/wp\/v2\/media\/11545"}],"wp:attachment":[{"href":"https:\/\/mandragorahidromel.com\/en\/wp-json\/wp\/v2\/media?parent=11455"}],"wp:term":[{"taxonomy":"product_brand","embeddable":true,"href":"https:\/\/mandragorahidromel.com\/en\/wp-json\/wp\/v2\/product_brand?post=11455"},{"taxonomy":"product_cat","embeddable":true,"href":"https:\/\/mandragorahidromel.com\/en\/wp-json\/wp\/v2\/product_cat?post=11455"},{"taxonomy":"product_tag","embeddable":true,"href":"https:\/\/mandragorahidromel.com\/en\/wp-json\/wp\/v2\/product_tag?post=11455"}],"curies":[{"name":"wp","href":"https:\/\/api.w.org\/{rel}","templated":true}]}}