{"id":10460,"date":"2024-01-25T17:06:10","date_gmt":"2024-01-25T16:06:10","guid":{"rendered":"https:\/\/mandragorahidromel.com\/?post_type=product&#038;p=10460"},"modified":"2024-11-26T17:06:33","modified_gmt":"2024-11-26T16:06:33","slug":"miel-sa-mesquida-de-dalt-otono","status":"publish","type":"product","link":"https:\/\/mandragorahidromel.com\/en\/producto\/miel-sa-mesquida-de-dalt-otono\/","title":{"rendered":"MIEL DE OTO\u00d1O &#8211; SA MESQUIDA DE DALT"},"content":{"rendered":"<h3>CARACTER\u00cdSTICAS:<\/h3>\n<p>Floraci\u00f3n: Oto\u00f1o<\/p>\n<p>Capacidad: 450gr<\/p>\n<p>&nbsp;<\/p>\n<h3>CONSERVACI\u00d3N Y RECOMENDACIONES:<\/h3>\n<p>Mantener en un lugar fresco y seco.<\/p>\n<p>Puede cristalizarse a bajas temperaturas por su calidad y pureza.<\/p>\n<p>Para una miel m\u00e1s liquida poner el bote al ba\u00f1o Mar\u00eda, nunca hervir.<\/p>\n<p>No recomendable el consumo para menores de un a\u00f1o de edad.<\/p>\n","protected":false},"excerpt":{"rendered":"<p>Miel -recolecta limitada- de finca \u201cSa Mesquida de Dalt\u201d donde predomina la encina i el algarrobo.<\/p>\n","protected":false},"featured_media":11171,"comment_status":"open","ping_status":"closed","template":"","meta":[],"product_brand":[],"product_cat":[173],"product_tag":[],"class_list":{"0":"post-10460","1":"product","2":"type-product","3":"status-publish","4":"has-post-thumbnail","6":"product_cat-miel","8":"first","9":"outofstock","10":"taxable","11":"shipping-taxable","12":"purchasable","13":"product-type-simple"},"_links":{"self":[{"href":"https:\/\/mandragorahidromel.com\/en\/wp-json\/wp\/v2\/product\/10460","targetHints":{"allow":["GET"]}}],"collection":[{"href":"https:\/\/mandragorahidromel.com\/en\/wp-json\/wp\/v2\/product"}],"about":[{"href":"https:\/\/mandragorahidromel.com\/en\/wp-json\/wp\/v2\/types\/product"}],"replies":[{"embeddable":true,"href":"https:\/\/mandragorahidromel.com\/en\/wp-json\/wp\/v2\/comments?post=10460"}],"wp:featuredmedia":[{"embeddable":true,"href":"https:\/\/mandragorahidromel.com\/en\/wp-json\/wp\/v2\/media\/11171"}],"wp:attachment":[{"href":"https:\/\/mandragorahidromel.com\/en\/wp-json\/wp\/v2\/media?parent=10460"}],"wp:term":[{"taxonomy":"product_brand","embeddable":true,"href":"https:\/\/mandragorahidromel.com\/en\/wp-json\/wp\/v2\/product_brand?post=10460"},{"taxonomy":"product_cat","embeddable":true,"href":"https:\/\/mandragorahidromel.com\/en\/wp-json\/wp\/v2\/product_cat?post=10460"},{"taxonomy":"product_tag","embeddable":true,"href":"https:\/\/mandragorahidromel.com\/en\/wp-json\/wp\/v2\/product_tag?post=10460"}],"curies":[{"name":"wp","href":"https:\/\/api.w.org\/{rel}","templated":true}]}}